{"id":3212,"date":"2019-12-02T11:53:18","date_gmt":"2019-12-02T09:53:18","guid":{"rendered":"https:\/\/drkartsiounis.gr\/?page_id=3212"},"modified":"2022-11-14T18:28:33","modified_gmt":"2022-11-14T16:28:33","slug":"privacy-policy","status":"publish","type":"page","link":"https:\/\/drkartsiounis.gr\/de\/privacy-policy\/","title":{"rendered":"ERKL\u00c4RUNG ZUM SCHUTZ PERS\u00d6NLICHER DATEN"},"content":{"rendered":"<p>Diese Erkl\u00e4rung zum Schutz personenbezogener Daten beschreibt die personenbezogenen Daten, die die <strong>https:\/\/drkartsiounis.gr\/<\/strong>\u00a0sammelt Informationen \u00fcber Sie, wie wir Ihre personenbezogenen Daten verwenden und sch\u00fctzen und welche Wahlm\u00f6glichkeiten Sie hinsichtlich der Verwendung dieser Daten haben.<\/p>\n<p>Wir sind uns bewusst, dass der Schutz personenbezogener Daten eine st\u00e4ndige Verantwortung ist, und werden diese Erkl\u00e4rung daher regelm\u00e4\u00dfig aktualisieren und \u00e4ndern. Bitte besuchen Sie unsere Website von Zeit zu Zeit <strong>https:\/\/drkartsiounis.gr\/<\/strong>\u00a0um sicherzustellen, dass Sie \u00fcber alle \u00c4nderungen informiert sind und mit ihnen zufrieden sind.<\/p>\n<p><strong>1. Wer wir sind<\/strong><br \/>\nWir sind o <strong>https:\/\/drkartsiounis.gr\/,\u00a0<\/strong> <strong>KARTSIOUNIS VASILIOS<\/strong>, <strong>Gyn\u00e4kologe <\/strong>. Wir sind bestrebt, ein sicheres Umfeld zu schaffen, die Patientenversorgung zu verbessern und innerhalb der vorgegebenen Zeit- und Budgetvorgaben Betriebsqualit\u00e4t zu liefern. In unserer Klinik behandeln wir eine Vielzahl von Krankheiten und investieren st\u00e4ndig in moderne technische Ausstattung.<\/p>\n<p><strong>2. Welche personenbezogenen Daten erfassen wir \u00fcber Sie?<\/strong><br \/>\n<strong>2.1. Vollst\u00e4ndiger Name \/ Firmenname<\/strong>. Wir erfassen die Vor- und Nachnamen unserer Kunden sowie die Namen der Ansprechpartner unserer Kunden, wenn diese Interesse an unseren Dienstleistungen bekunden oder sich f\u00fcr unseren Newsletter anmelden (<strong>Newsletter<\/strong>) oder nehmen Sie an unseren Wettbewerben und Werbeaktionen teil.<br \/>\n<strong>2.2. E-Mail-Adresse<\/strong>. Wir erfassen die E-Mail-Adresse unserer Kunden und Kundenkontakte, wenn diese Interesse an unseren Dienstleistungen bekunden oder sich f\u00fcr unseren Newsletter anmelden (<strong>Newsletter<\/strong>) oder nehmen Sie an unseren Wettbewerben und Werbeaktionen teil.<br \/>\n<strong>2.3. Anschrift<\/strong>. Wir erfassen die Wohn- oder Gesch\u00e4ftsadresse unserer Kunden zu Abrechnungszwecken und zum Versenden gedruckter Rechnungen per Post.<br \/>\n<strong>2.4. Weitere Kontaktinformationen<\/strong>. Wir erfassen weitere Kontaktinformationen, wie beispielsweise die Telefonnummer unserer Kunden oder Kundenansprechpartner, um unsere Dienstleistungen besser und schneller erbringen zu k\u00f6nnen.<br \/>\n<strong>2.5. Preisdetails<\/strong>. Wir erfassen die Informationen unserer Kunden, die f\u00fcr die Abrechnung unserer Leistungen erforderlich sind, wie zum Beispiel die A.F.M. und A.M.K.A.<br \/>\n<strong>2.6.<\/strong> Wir versuchen, das Risiko f\u00fcr Ihre Rechte und Freiheiten zu minimieren, indem wir Ihre sensiblen personenbezogenen Daten nicht erfassen.<\/p>\n<p><strong>3. Wie erfassen wir Ihre personenbezogenen Daten?<\/strong><br \/>\nWir erheben Ihre personenbezogenen Daten, wenn Sie Ihr Interesse an unseren Dienstleistungen bekunden, wenn wir ein Vertragsverh\u00e4ltnis zur Erbringung unserer Dienstleistungen eingehen, wenn Sie unsere Website besuchen oder wenn Sie sich registrieren <strong>Newsletter<\/strong> uns. Wir verkaufen Ihre personenbezogenen Daten an niemanden und geben sie nur an Dritte weiter, die die Bereitstellung unserer Dienstleistungen f\u00fcr Sie erleichtern.<\/p>\n<p><strong>4. Wie nutzen (verarbeiten) wir Ihre personenbezogenen Daten?<\/strong><br \/>\nWir nutzen Ihre personenbezogenen Daten f\u00fcr folgende Zwecke:<br \/>\n<strong>4.1.<\/strong> <strong>Bereitstellung unserer Dienstleistungen<\/strong>. Erbringung von Dienstleistungen im Gesundheitsbereich.<br \/>\n<strong>4.2.<\/strong> <strong>Marketing- und\/oder Werbema\u00dfnahmen<\/strong>B. die Teilnahme an Wettbewerben oder E-Mails, die wir regelm\u00e4\u00dfig an diejenigen senden, die unseren Newsletter abonniert haben. In die Liste der Personen, an die wir Newsletter versenden, k\u00f6nnen wir auch diejenigen aufnehmen, die uns im Rahmen unserer Kommunikation ihre E-Mail-Adressen mitteilen und uns mitteilen, dass sie den Newsletter erhalten m\u00f6chten <strong>Newsletter<\/strong>. In jedem Newsletter wird dem Empf\u00e4nger die M\u00f6glichkeit einger\u00e4umt, zu erkl\u00e4ren, dass er keine weiteren Newsletter erhalten m\u00f6chte <strong>Newsletter<\/strong> von uns.<\/p>\n<p><strong>5. Rechtsgrundlage f\u00fcr die Verarbeitung Ihrer personenbezogenen Daten<\/strong><br \/>\n<strong>5.1.<\/strong> Die Verarbeitung Ihrer personenbezogenen Daten zur Erbringung unserer Leistungen an Sie erfolgt auf Grundlage des Abschlusses und der Durchf\u00fchrung eines Vertrages oder \u2013 auf Ihren Wunsch hin \u2013 auf vorbereitenden Ma\u00dfnahmen zum Abschluss und zur Durchf\u00fchrung eines Vertrages.<br \/>\n<strong>5.2.<\/strong> Die Verarbeitung Ihrer personenbezogenen Daten zu Marketing- und\/oder Werbezwecken erfolgt auf Grundlage Ihrer Einwilligung.<br \/>\n<strong>5.3.<\/strong> In einigen F\u00e4llen ist die Verarbeitung Ihrer personenbezogenen Daten zur Wahrung unserer berechtigten Interessen oder zur Einhaltung nationaler und\/oder europ\u00e4ischer Rechtsvorschriften erforderlich.<\/p>\n<p><strong>6. Aufbewahrungsdauer Ihrer personenbezogenen Daten<\/strong><br \/>\n<strong>6.1.<\/strong> Wir bewahren Ihre personenbezogenen Daten so lange auf, wie unsere Gesch\u00e4ftsbeziehung besteht. Wir bewahren die personenbezogenen Daten unserer Kunden und Verbraucher mindestens f\u00fcnfzehn (<strong>15<\/strong>) Jahre, um unserer Verpflichtung nachkommen zu k\u00f6nnen, genaue Aufzeichnungen f\u00fcr Steuer- oder andere Verwaltungsbeh\u00f6rden zu f\u00fchren.<br \/>\n<strong>6.2.<\/strong> Wir speichern die personenbezogenen Daten der Personen, die sich registriert haben <strong>Newsletter<\/strong> (und\/oder in unseren Werbeaktionen), bis diese Personen uns gegen\u00fcber erkl\u00e4ren, dass sie keine Newsletter und\/oder Werbematerialien mehr von uns erhalten m\u00f6chten.<br \/>\n<strong>6.3.<\/strong> F\u00fcr weitere Informationen dar\u00fcber, wo und wie lange Ihre personenbezogenen Daten gespeichert werden, wenden Sie sich bitte an <strong>contact@drkartsiounis.gr.<\/strong><\/p>\n<p><strong>7. Garantien, die wir zum Schutz Ihrer Daten \u00fcbernehmen<\/strong><br \/>\nWenn Sie uns Ihre personenbezogenen Daten zur Verf\u00fcgung stellen, ergreifen wir Ma\u00dfnahmen, um deren Sicherheit zu gew\u00e4hrleisten. Um Ihre personenbezogenen Daten zu sch\u00fctzen, ergreifen wir physische, technische und organisatorische Ma\u00dfnahmen zu deren Schutz. Wir aktualisieren und \u00fcberpr\u00fcfen die von uns verwendete Sicherheitstechnologie fortlaufend. Wir beschr\u00e4nken den Zugriff auf Ihre personenbezogenen Daten auf diejenigen Mitarbeiter, die diese Daten kennen m\u00fcssen, um Ihnen Vorteile oder Dienstleistungen anbieten zu k\u00f6nnen. Dar\u00fcber hinaus kl\u00e4ren wir unsere Mitarbeiter \u00fcber die Bedeutung der Vertraulichkeit und der Wahrung der Privatsph\u00e4re und Sicherheit Ihrer pers\u00f6nlichen Daten auf. Wir haben unter anderem die folgenden technischen und organisatorischen Ma\u00dfnahmen und Verfahren umgesetzt, um Ihre personenbezogenen Daten vor Verlust, Ver\u00e4nderung, unrechtm\u00e4\u00dfiger Verarbeitung oder Ver\u00e4nderung zu sch\u00fctzen:<br \/>\n\u2013 Verschl\u00fcsselung;<br \/>\n\u2013 Erkennung und Management von Sicherheitsverletzungen;<br \/>\n\u2013 Nutzung von Servern, die sich in R\u00e4umen mit eingeschr\u00e4nktem Zugang befinden und regelm\u00e4\u00dfigen Kontrollen unterliegen;<br \/>\n\u2013 Nutzung von Informationssystemen und Computerprogrammen, die so installiert sind, dass die Verwendung personenbezogener Daten und\/oder Authentifizierungsdaten des Benutzers minimiert wird;<br \/>\n\u2013 Einf\u00fchrung separater Verfahren f\u00fcr die Pflege personenbezogener Daten und deren sichere L\u00f6schung\/Vernichtung;<br \/>\n\u2013 Zugriff auf Systeme und Datenbanken nach dem \u201eNeed-to-know\u201c-Prinzip.<\/p>\n<p><strong>8. Wann und wie geben wir Ihre personenbezogenen Daten an andere weiter?<\/strong><br \/>\nIm Rahmen unserer T\u00e4tigkeit nutzen wir Drittanbieter, die in unserem Auftrag Dienstleistungen erbringen. Daher m\u00fcssen wir m\u00f6glicherweise Ihre personenbezogenen Daten an sie weitergeben. Wir geben Ihre personenbezogenen Daten jedoch nur dann an sie weiter, wenn dies zur Erbringung der von uns angeforderten Dienste erforderlich ist, und wir verlangen von ihnen, dass sie Ihre Daten sch\u00fctzen und sie nicht f\u00fcr andere Zwecke verwenden. Die von uns erfassten personenbezogenen Daten werden in einer oder mehreren Datenbanken gespeichert, die von Dritten innerhalb der Europ\u00e4ischen Union gehostet werden. Diese Dritten nutzen Ihre personenbezogenen Daten zu keinem anderen Zweck als der Speicherung und dem Abruf f\u00fcr unser Unternehmen und haben auch keinen Zugriff darauf.<\/p>\n<p><strong>9. Ihre Rechte<\/strong><br \/>\nSie haben das Recht, Zugang zu Ihren personenbezogenen Daten zu verlangen, die wir verarbeiten. Dar\u00fcber hinaus haben Sie folgende Rechte:<br \/>\n<strong>9.1.<\/strong> Recht auf Berichtigung oder L\u00f6schung (in bestimmten F\u00e4llen) Ihrer personenbezogenen Daten.<br \/>\n<strong>9.2.<\/strong> Recht auf Einschr\u00e4nkung der Verarbeitung oder Widerspruch gegen die Verarbeitung Ihrer personenbezogenen Daten.<br \/>\n<strong>9.3<\/strong>. Recht (vorbehaltlich der Bedingungen), Ihre personenbezogenen Daten zur anderweitigen Verwendung zu erhalten.<br \/>\n<strong>9.4.<\/strong> In den F\u00e4llen, in denen wir Ihre personenbezogenen Daten auf Grundlage Ihrer Einwilligung verarbeiten, haben Sie au\u00dferdem das Recht, Ihre Einwilligung jederzeit zu widerrufen, ohne dass dadurch die Rechtm\u00e4\u00dfigkeit der Verarbeitung f\u00fcr den Zeitraum vor dem Widerruf Ihrer Einwilligung ber\u00fchrt wird.<br \/>\nUm Ihre Rechte auszu\u00fcben, f\u00fcllen Sie bitte das Antragsformular \u2013 Aus\u00fcbung der Rechte der betroffenen Person aus.<strong><br \/>\n<\/strong>Schlie\u00dflich haben Sie das Recht, eine Beschwerde bei der zust\u00e4ndigen unabh\u00e4ngigen griechischen Beh\u00f6rde, der Beh\u00f6rde f\u00fcr den Schutz personenbezogener Daten, einzureichen (<a href=\"http:\/\/www.dpa.gr\/\" target=\"_blank\" rel=\"noopener noreferrer\">http:\/\/www.dpa.gr\/<\/a>).<\/p>\n<p><strong>10. \u00dcbermittlung personenbezogener Daten au\u00dferhalb der EU<\/strong><br \/>\nDie von uns von Ihnen erfassten personenbezogenen Daten werden nicht au\u00dferhalb der Europ\u00e4ischen Union \u00fcbertragen oder verarbeitet.<\/p>\n<p><strong>11. Verwendung von Cookies<\/strong><br \/>\nWir verwenden Cookies (kleine Textdateien, die auf Ihrem Ger\u00e4t gespeichert werden, wenn Sie im Internet surfen), um unsere Website zu unterst\u00fctzen, unsere Online-Dienste bereitzustellen und Informationen zu sammeln. Mithilfe von Cookies k\u00f6nnen wir unter anderem Ihre Pr\u00e4ferenzen und Einstellungen speichern, Werbung basierend auf Ihren Interessen schalten und analysieren, wie unsere Website und Online-Dienste funktionieren.<br \/>\nUm mehr \u00fcber Cookies zu erfahren, k\u00f6nnen Sie die Website besuchen <strong><a href=\"https:\/\/drkartsiounis.gr\/de\/cookie-policy\/\">Cookie-Richtlinie<\/a><\/strong><\/p>\n<p><strong>12. Wie erreichen Sie uns?<\/strong><br \/>\nBei Fragen zur Verarbeitung Ihrer personenbezogenen Daten oder zur Verwendung von Cookies k\u00f6nnen Sie sich jederzeit an uns wenden oder zur Aus\u00fcbung Ihrer Rechte eine E-Mail an senden <strong>contact@drkartsiounis.gr<\/strong><\/p>\n<p><strong>13. Ver\u00f6ffentlichungsinformationen \u2013 \u00c4nderungen und Aktualisierungen<\/strong><br \/>\nDiese Erkl\u00e4rung wurde zuletzt am 16.11.2019 aktualisiert.<br \/>\nWir behalten uns das Recht vor, diese Erkl\u00e4rung jederzeit und aus beliebigem Grund ohne vorherige Ank\u00fcndigung zu \u00e4ndern und zu aktualisieren, es sei denn, die aktualisierte Erkl\u00e4rung wird auf unserer Website ver\u00f6ffentlicht. Wir k\u00f6nnen Ihnen regelm\u00e4\u00dfig E-Mails senden, um Sie an \u00c4nderungen und Aktualisierungen dieser Erkl\u00e4rung zu erinnern. Sie sollten jedoch unsere Website regelm\u00e4\u00dfig besuchen, um \u00fcber die aktuelle und geltende Datenschutzerkl\u00e4rung informiert zu sein.<\/p>","protected":false},"excerpt":{"rendered":"<p>Diese Datenschutzerkl\u00e4rung beschreibt, welche personenbezogenen Daten wir \u00fcber Sie erheben, wie wir Ihre personenbezogenen Daten verwenden und sch\u00fctzen und welche Wahlm\u00f6glichkeiten Sie hinsichtlich der Verwendung dieser Daten haben. Wir sind uns bewusst, dass der Schutz personenbezogener Daten eine st\u00e4ndige Verantwortung darstellt und werden daher diese Datenschutzerkl\u00e4rung regelm\u00e4\u00dfig aktualisieren und anpassen.<\/p>","protected":false},"author":4,"featured_media":5167,"parent":0,"menu_order":0,"comment_status":"closed","ping_status":"closed","template":"","meta":{"_jf_save_progress":"","footnotes":""},"class_list":["post-3212","page","type-page","status-publish","has-post-thumbnail","hentry"],"_links":{"self":[{"href":"https:\/\/drkartsiounis.gr\/de\/wp-json\/wp\/v2\/pages\/3212","targetHints":{"allow":["GET"]}}],"collection":[{"href":"https:\/\/drkartsiounis.gr\/de\/wp-json\/wp\/v2\/pages"}],"about":[{"href":"https:\/\/drkartsiounis.gr\/de\/wp-json\/wp\/v2\/types\/page"}],"author":[{"embeddable":true,"href":"https:\/\/drkartsiounis.gr\/de\/wp-json\/wp\/v2\/users\/4"}],"replies":[{"embeddable":true,"href":"https:\/\/drkartsiounis.gr\/de\/wp-json\/wp\/v2\/comments?post=3212"}],"version-history":[{"count":0,"href":"https:\/\/drkartsiounis.gr\/de\/wp-json\/wp\/v2\/pages\/3212\/revisions"}],"wp:featuredmedia":[{"embeddable":true,"href":"https:\/\/drkartsiounis.gr\/de\/wp-json\/wp\/v2\/media\/5167"}],"wp:attachment":[{"href":"https:\/\/drkartsiounis.gr\/de\/wp-json\/wp\/v2\/media?parent=3212"}],"curies":[{"name":"wp","href":"https:\/\/api.w.org\/{rel}","templated":true}]}}